{"id":684,"date":"2012-02-06T18:49:35","date_gmt":"2012-02-06T16:49:35","guid":{"rendered":"http:\/\/www.shkb.cz\/?page_id=684"},"modified":"2024-02-14T13:43:02","modified_gmt":"2024-02-14T12:43:02","slug":"zavrt-u-borovice","status":"publish","type":"page","link":"http:\/\/www.shkb.cz\/?page_id=684","title":{"rendered":"Z\u00e1vrt u Borovice (ZUB)"},"content":{"rendered":"<p>ngg_shortcode_0_placeholder Mapa &#8211; p\u016fdorys ZUBu v\u010detn\u011b Nounejmu, stav v lednu 2024<\/p>\n<p>ngg_shortcode_1_placeholder Mapa ZUBu v\u010detn\u011b Jo\u017eova d\u00f3mku, stav v listopadu 2015<\/p>\n<p>ngg_shortcode_2_placeholder Mapa ZUBu v\u010detn\u011b Trucchodby, stav k dubnu 2014<\/p>ngg_shortcode_3_placeholderngg_shortcode_4_placeholder<p>ZUB &#8211; stav k \u010dervnu 2012<\/p>\n","protected":false},"excerpt":{"rendered":"<p>Mapa &#8211; p\u016fdorys ZUBu v\u010detn\u011b Nounejmu, stav v lednu 2024 Mapa ZUBu v\u010detn\u011b Jo\u017eova d\u00f3mku, stav v listopadu 2015 Mapa ZUBu v\u010detn\u011b Trucchodby, stav k dubnu 2014 ZUB &#8211; stav k \u010dervnu 2012<\/p>\n","protected":false},"author":2,"featured_media":0,"parent":0,"menu_order":3,"comment_status":"closed","ping_status":"closed","template":"","meta":{"ngg_post_thumbnail":0,"footnotes":""},"class_list":["post-684","page","type-page","status-publish","hentry"],"_links":{"self":[{"href":"http:\/\/www.shkb.cz\/index.php?rest_route=\/wp\/v2\/pages\/684"}],"collection":[{"href":"http:\/\/www.shkb.cz\/index.php?rest_route=\/wp\/v2\/pages"}],"about":[{"href":"http:\/\/www.shkb.cz\/index.php?rest_route=\/wp\/v2\/types\/page"}],"author":[{"embeddable":true,"href":"http:\/\/www.shkb.cz\/index.php?rest_route=\/wp\/v2\/users\/2"}],"replies":[{"embeddable":true,"href":"http:\/\/www.shkb.cz\/index.php?rest_route=%2Fwp%2Fv2%2Fcomments&post=684"}],"version-history":[{"count":14,"href":"http:\/\/www.shkb.cz\/index.php?rest_route=\/wp\/v2\/pages\/684\/revisions"}],"predecessor-version":[{"id":5430,"href":"http:\/\/www.shkb.cz\/index.php?rest_route=\/wp\/v2\/pages\/684\/revisions\/5430"}],"wp:attachment":[{"href":"http:\/\/www.shkb.cz\/index.php?rest_route=%2Fwp%2Fv2%2Fmedia&parent=684"}],"curies":[{"name":"wp","href":"https:\/\/api.w.org\/{rel}","templated":true}]}}