{"id":5356,"date":"2023-07-15T13:29:54","date_gmt":"2023-07-15T11:29:54","guid":{"rendered":"http:\/\/www.shkb.cz\/?page_id=5356"},"modified":"2024-04-17T20:47:39","modified_gmt":"2024-04-17T18:47:39","slug":"prihlaseni-na-akci","status":"publish","type":"page","link":"http:\/\/www.shkb.cz\/?page_id=5356","title":{"rendered":"__P\u0158IHL\u00c1\u0160EN\u00cd NA AKCI__"},"content":{"rendered":"","protected":true},"excerpt":{"rendered":"","protected":true},"author":4,"featured_media":0,"parent":0,"menu_order":0,"comment_status":"closed","ping_status":"closed","template":"","meta":{"ngg_post_thumbnail":0,"footnotes":""},"class_list":["post-5356","page","type-page","status-publish","post-password-required","hentry"],"_links":{"self":[{"href":"http:\/\/www.shkb.cz\/index.php?rest_route=\/wp\/v2\/pages\/5356"}],"collection":[{"href":"http:\/\/www.shkb.cz\/index.php?rest_route=\/wp\/v2\/pages"}],"about":[{"href":"http:\/\/www.shkb.cz\/index.php?rest_route=\/wp\/v2\/types\/page"}],"author":[{"embeddable":true,"href":"http:\/\/www.shkb.cz\/index.php?rest_route=\/wp\/v2\/users\/4"}],"replies":[{"embeddable":true,"href":"http:\/\/www.shkb.cz\/index.php?rest_route=%2Fwp%2Fv2%2Fcomments&post=5356"}],"version-history":[{"count":2,"href":"http:\/\/www.shkb.cz\/index.php?rest_route=\/wp\/v2\/pages\/5356\/revisions"}],"predecessor-version":[{"id":5505,"href":"http:\/\/www.shkb.cz\/index.php?rest_route=\/wp\/v2\/pages\/5356\/revisions\/5505"}],"wp:attachment":[{"href":"http:\/\/www.shkb.cz\/index.php?rest_route=%2Fwp%2Fv2%2Fmedia&parent=5356"}],"curies":[{"name":"wp","href":"https:\/\/api.w.org\/{rel}","templated":true}]}}