{"id":3955,"date":"2018-12-19T13:01:17","date_gmt":"2018-12-19T12:01:17","guid":{"rendered":"http:\/\/www.shkb.cz\/?page_id=3955"},"modified":"2021-03-06T06:49:48","modified_gmt":"2021-03-06T05:49:48","slug":"podekovani","status":"publish","type":"page","link":"http:\/\/www.shkb.cz\/?page_id=3955","title":{"rendered":"Pod\u011bkov\u00e1n\u00ed"},"content":{"rendered":"<p>\u010cinnost je dotov\u00e1na m\u011bstem \u0160lapanice a obc\u00ed Ochoz u Brna.<\/p>\n<p><a href=\"http:\/\/www.shkb.cz\/wp-content\/uploads\/2018\/12\/slapanice.png\"><img loading=\"lazy\" decoding=\"async\" class=\"alignnone size-full wp-image-3957 alignleft\" src=\"http:\/\/www.shkb.cz\/wp-content\/uploads\/2018\/12\/slapanice.png\" alt=\"\" width=\"122\" height=\"139\" \/>\u00a0<\/a><\/p>\n","protected":false},"excerpt":{"rendered":"<p>\u010cinnost je dotov\u00e1na m\u011bstem \u0160lapanice a obc\u00ed Ochoz u Brna. \u00a0<\/p>\n","protected":false},"author":3,"featured_media":0,"parent":0,"menu_order":7,"comment_status":"closed","ping_status":"closed","template":"","meta":{"ngg_post_thumbnail":0,"footnotes":""},"class_list":["post-3955","page","type-page","status-publish","hentry"],"_links":{"self":[{"href":"http:\/\/www.shkb.cz\/index.php?rest_route=\/wp\/v2\/pages\/3955"}],"collection":[{"href":"http:\/\/www.shkb.cz\/index.php?rest_route=\/wp\/v2\/pages"}],"about":[{"href":"http:\/\/www.shkb.cz\/index.php?rest_route=\/wp\/v2\/types\/page"}],"author":[{"embeddable":true,"href":"http:\/\/www.shkb.cz\/index.php?rest_route=\/wp\/v2\/users\/3"}],"replies":[{"embeddable":true,"href":"http:\/\/www.shkb.cz\/index.php?rest_route=%2Fwp%2Fv2%2Fcomments&post=3955"}],"version-history":[{"count":3,"href":"http:\/\/www.shkb.cz\/index.php?rest_route=\/wp\/v2\/pages\/3955\/revisions"}],"predecessor-version":[{"id":4968,"href":"http:\/\/www.shkb.cz\/index.php?rest_route=\/wp\/v2\/pages\/3955\/revisions\/4968"}],"wp:attachment":[{"href":"http:\/\/www.shkb.cz\/index.php?rest_route=%2Fwp%2Fv2%2Fmedia&parent=3955"}],"curies":[{"name":"wp","href":"https:\/\/api.w.org\/{rel}","templated":true}]}}