{"id":36,"date":"2008-03-29T19:50:49","date_gmt":"2008-03-29T17:50:49","guid":{"rendered":"http:\/\/www.shkb.cz\/?page_id=36"},"modified":"2024-02-14T10:32:41","modified_gmt":"2024-02-14T09:32:41","slug":"historie-2","status":"publish","type":"page","link":"http:\/\/www.shkb.cz\/?page_id=36","title":{"rendered":"Novodvorsk\u00e1 skupina"},"content":{"rendered":"<p style=\"text-align: justify;\">Vznikla dne 21.10. 1989 na n\u00e1vrh p\u0159edsedy ZO 6-12 M. Vr\u00e1ny a vedouc\u00edho B\u0159ezinsk\u00e9 skupiny P. Vyhn\u00e1nka. Jej\u00ed vznik je ch\u00e1p\u00e1n jako vytvo\u0159en\u00ed nov\u00e9 pracovn\u00ed skupiny ZO 6-12 vedle ji\u017e existuj\u00edc\u00edch skupin B\u0159ezinsk\u00e9 a Pusto\u017elebsk\u00e9. Zakl\u00e1daj\u00edc\u00edmi \u010dleny Novodvorsk\u00e9 skupiny jsou: Radovan drtil, Zden\u011bk Folt\u00fdn, Roman Machatka, V\u00e1clav Pe\u0159ina, Radek Petr\u016f, Renata Sv\u00eddov\u00e1, Ji\u0159\u00ed \u0160enky\u0159\u00edk a Marek \u0160enky\u0159\u00edk. Skupina si &nbsp;klade za c\u00edl objeven\u00ed hydrologick\u00e9ho odvod\u0148ov\u00e1n\u00ed masivu Skalky (k\u00f3ta 478 m.n.m) v severn\u00ed \u010d\u00e1sti povrchov\u00e9ho povod\u00ed \u0158\u00ed\u010dky v ji\u017en\u00ed \u010d\u00e1sti Moravsk\u00e9ho krasu. Na z\u00e1klad\u011b vyhodnocen\u00fdch ind\u00edci\u00ed byl jako nejvhodn\u011bj\u0161\u00ed k prolonga\u010dn\u00ed \u010dinnosti vytipov\u00e1n periodick\u00fd ponor u Nov\u00e9ho Dvoru p\u0159i SV \u00fapat\u00ed plo\u0161iny Skalka. Dne 3.12.1991 se rozhodli \u010dlenov\u00e9 Novodvorsk\u00e9 skupiny ZO 6-12 po\u017e\u00e1dat o schv\u00e1len\u00ed ustanoven\u00ed nov\u00e9 z\u00e1kladn\u00ed organizace \u010cesk\u00e9 speleologick\u00e9 spole\u010dnosti ZO 6-26 Speleohistorick\u00fd klub Brno, jako n\u00e1stupnickou organizaci Novodvorsk\u00e9 pracovn\u00ed skupiny ZO 6-12. Znakem Speleohistorick\u00e9ho klubu Brno se stalo vyobrazen\u00ed jedn\u00e9 z&nbsp;pomalovan\u00fdch lebek objeven\u00fdch 9.2.1991&nbsp;v podzem\u00ed barokn\u00edho kostela P. Marie ve K\u0159tin\u00e1ch.&nbsp;Znak byl vyhotoven\u00fd na z\u00e1klad\u011b kresby&nbsp;Jany Sobotkov\u00e9 &#8211; B\u011blu\u0161ov\u00e9.<\/p>\n<p style=\"text-align: justify;\">Moment\u00e1ln\u011b (2024) m\u00e1 skupina 12 \u0159\u00e1dn\u00fdch \u010dlen\u016f a cel\u00e1 se sch\u00e1z\u00ed alespo\u0148 jednou m\u011bs\u00ed\u010dn\u011b na velkou spole\u010dnou akci. Nejv\u011bt\u0161\u00ed pozornost je nyn\u00ed soust\u0159ed\u011bna na Z\u00e1vrt u Borovice a Novodvorsk\u00fd ponor. \u010clenov\u00e9 individu\u00e1ln\u011b vypom\u00e1haj\u00ed ostatn\u00edm skupin\u00e1m, jezd\u00ed na zahrani\u010dn\u00ed expedice, \u010di nav\u0161t\u011bvuj\u00ed historick\u00e9 podzem\u00ed.<\/p>ngg_shortcode_0_placeholder<p>(k\u0159tinsk\u00e9 lebky)<\/p>ngg_shortcode_1_placeholder<p>(budov\u00e1n\u00ed speleologick\u00e9 z\u00e1kladny 92\/93)<\/p>\n<p><a href=\"http:\/\/shkb.cz\/gyaneshwarpuri_cz\/odpadkov\u00fd ko\u0161 marek \u0161enky\u0159\u00edk swami gyaneshwarpuri poustevn\u00edk moravsk\u00fd kras.pdf\" data-wplink-url-error=\"true\">Po spole\u010dn\u00e9 dohod\u011b s Markem \u0160enky\u0159\u00edkem, alias Swami Gyaneshwarpuri byl obsah odpadkov\u00e9ho ko\u0161e sta\u017een z hlavn\u00ed str\u00e1nky a z\u00e1lohov\u00e1n hloub\u011bji na webu.<\/a><\/p>\n<p style=\"text-align: center;\">&nbsp;<\/p>\n","protected":false},"excerpt":{"rendered":"<p>Vznikla dne 21.10. 1989 na n\u00e1vrh p\u0159edsedy ZO 6-12 M. Vr\u00e1ny a vedouc\u00edho B\u0159ezinsk\u00e9 skupiny P. Vyhn\u00e1nka. Jej\u00ed vznik je ch\u00e1p\u00e1n jako vytvo\u0159en\u00ed nov\u00e9 pracovn\u00ed skupiny ZO 6-12 vedle ji\u017e existuj\u00edc\u00edch skupin B\u0159ezinsk\u00e9 a Pusto\u017elebsk\u00e9. Zakl\u00e1daj\u00edc\u00edmi \u010dleny Novodvorsk\u00e9 skupiny jsou: Radovan drtil, Zden\u011bk Folt\u00fdn, Roman Machatka, V\u00e1clav Pe\u0159ina, Radek Petr\u016f, Renata Sv\u00eddov\u00e1, Ji\u0159\u00ed \u0160enky\u0159\u00edk a [&hellip;]<\/p>\n","protected":false},"author":2,"featured_media":0,"parent":0,"menu_order":2,"comment_status":"closed","ping_status":"open","template":"","meta":{"ngg_post_thumbnail":0,"footnotes":""},"class_list":["post-36","page","type-page","status-publish","hentry"],"_links":{"self":[{"href":"http:\/\/www.shkb.cz\/index.php?rest_route=\/wp\/v2\/pages\/36"}],"collection":[{"href":"http:\/\/www.shkb.cz\/index.php?rest_route=\/wp\/v2\/pages"}],"about":[{"href":"http:\/\/www.shkb.cz\/index.php?rest_route=\/wp\/v2\/types\/page"}],"author":[{"embeddable":true,"href":"http:\/\/www.shkb.cz\/index.php?rest_route=\/wp\/v2\/users\/2"}],"replies":[{"embeddable":true,"href":"http:\/\/www.shkb.cz\/index.php?rest_route=%2Fwp%2Fv2%2Fcomments&post=36"}],"version-history":[{"count":14,"href":"http:\/\/www.shkb.cz\/index.php?rest_route=\/wp\/v2\/pages\/36\/revisions"}],"predecessor-version":[{"id":5425,"href":"http:\/\/www.shkb.cz\/index.php?rest_route=\/wp\/v2\/pages\/36\/revisions\/5425"}],"wp:attachment":[{"href":"http:\/\/www.shkb.cz\/index.php?rest_route=%2Fwp%2Fv2%2Fmedia&parent=36"}],"curies":[{"name":"wp","href":"https:\/\/api.w.org\/{rel}","templated":true}]}}